{"id":1096,"date":"2026-04-26T10:51:46","date_gmt":"2026-04-26T08:51:46","guid":{"rendered":"https:\/\/peruswiss.ch\/?post_type=product&#038;p=1096"},"modified":"2026-04-26T12:25:24","modified_gmt":"2026-04-26T10:25:24","slug":"megaofertaaji-panca","status":"publish","type":"product","link":"https:\/\/peruswiss.ch\/en\/producto\/megaofertaaji-panca\/","title":{"rendered":"Mega Oferta x3 Aj\u00ed Panca"},"content":{"rendered":"<p data-start=\"1285\" data-end=\"1502\"><strong data-start=\"1296\" data-end=\"1311\">Mega Oferta<\/strong> !!!<\/p>\n<p data-start=\"1285\" data-end=\"1502\">Si cocinas seguido, si haces aderezos, guisos, carnes o platos peruanos, esta opci\u00f3n te deja preparado para varias recetas.<\/p>\n<p data-start=\"1504\" data-end=\"1765\">El <strong data-start=\"1507\" data-end=\"1527\">Aj\u00ed Panca Walib\u00ed<\/strong> le da a tus comidas ese sabor <strong data-start=\"1558\" data-end=\"1588\">suave, criollo y ahumadito<\/strong> que hace que un plato simple se sienta m\u00e1s completo. Perfecto para <strong data-start=\"1656\" data-end=\"1764\">anticuchos, carnes, pollito al horno, guisos y estofados<\/strong>.<\/p>\n<p data-start=\"1767\" data-end=\"1926\">Adem\u00e1s, ya viene listo para usar: abres, agregas y cocinas. Sin remojar aj\u00ed, sin licuar, sin ensuciar de m\u00e1s. Solo ese sabor peruano que hace falta en la mesa.<\/p>\n<p data-start=\"1928\" data-end=\"2033\">Una oferta ideal para tener reserva, compartir en familia o aprovechar antes de que termine la promoci\u00f3n.<\/p>\n<p data-start=\"2035\" data-end=\"2197\"><strong data-start=\"2035\" data-end=\"2082\">Mega Oferta disponible hasta el 10 de mayo.<\/strong><\/p>\n<p data-start=\"2035\" data-end=\"2197\"><br data-start=\"2082\" data-end=\"2085\" \/>Y si quieres cocinar algo especial por el D\u00eda de la Madre, esta puede ser una buena excusa para lucirte en casa.<\/p>","protected":false},"excerpt":{"rendered":"<h4><strong data-start=\"1096\" data-end=\"1172\">La opci\u00f3n que m\u00e1s conviene si en tu cocina nunca falta el sabor.<\/strong><br data-start=\"1172\" data-end=\"1175\" \/>M\u00e1s Aj\u00ed Panca en casa, m\u00e1s platos con ese toque criollo, ahumadito y lleno de sabor.<\/h4>\n<p data-start=\"994\" data-end=\"1024\">\ud83d\udd25 Oferta por tiempo limitado<\/p>","protected":false},"featured_media":1098,"template":"","meta":[],"product_brand":[],"product_cat":[46,37,40],"product_tag":[],"class_list":{"0":"post-1096","1":"product","2":"type-product","3":"status-publish","4":"has-post-thumbnail","6":"product_cat-kit","7":"product_cat-pastas","8":"product_cat-walibi-pastas","10":"first","11":"instock","12":"sale","13":"taxable","14":"shipping-taxable","15":"purchasable","16":"product-type-woosb"},"_links":{"self":[{"href":"https:\/\/peruswiss.ch\/en\/wp-json\/wp\/v2\/product\/1096","targetHints":{"allow":["GET"]}}],"collection":[{"href":"https:\/\/peruswiss.ch\/en\/wp-json\/wp\/v2\/product"}],"about":[{"href":"https:\/\/peruswiss.ch\/en\/wp-json\/wp\/v2\/types\/product"}],"wp:featuredmedia":[{"embeddable":true,"href":"https:\/\/peruswiss.ch\/en\/wp-json\/wp\/v2\/media\/1098"}],"wp:attachment":[{"href":"https:\/\/peruswiss.ch\/en\/wp-json\/wp\/v2\/media?parent=1096"}],"wp:term":[{"taxonomy":"product_brand","embeddable":true,"href":"https:\/\/peruswiss.ch\/en\/wp-json\/wp\/v2\/product_brand?post=1096"},{"taxonomy":"product_cat","embeddable":true,"href":"https:\/\/peruswiss.ch\/en\/wp-json\/wp\/v2\/product_cat?post=1096"},{"taxonomy":"product_tag","embeddable":true,"href":"https:\/\/peruswiss.ch\/en\/wp-json\/wp\/v2\/product_tag?post=1096"}],"curies":[{"name":"wp","href":"https:\/\/api.w.org\/{rel}","templated":true}]}}